{"id":622,"date":"2025-02-04T21:59:12","date_gmt":"2025-02-04T21:59:12","guid":{"rendered":"https:\/\/www.pnv-gn.org\/?page_id=622"},"modified":"2025-02-06T13:51:57","modified_gmt":"2025-02-06T13:51:57","slug":"refund_returns","status":"publish","type":"page","link":"https:\/\/www.pnv-gn.org\/?page_id=622","title":{"rendered":"Le S\u00e9cr\u00e9tariat G\u00e9n\u00e9ral"},"content":{"rendered":"\n<p><br>Le Secr\u00e9tariat G\u00e9n\u00e9ral comprend le Secr\u00e9tariat Ex\u00e9cutif et les Secr\u00e9taires Nationaux.<br>Le Secr\u00e9tariat Ex\u00e9cutif se compose du Pr\u00e9sident, des Vice-pr\u00e9sidents, du Secr\u00e9taire G\u00e9n\u00e9ral et des Secr\u00e9taires G\u00e9n\u00e9raux Adjoints.<br>Le Secr\u00e9tariat G\u00e9n\u00e9ral est l\u2019organe ex\u00e9cutif du Parti. A ce titre :<\/p>\n\n\n\n<ul class=\"wp-block-list\">\n<li><br>Il est le garant de la ligne politique du Parti ;<\/li>\n\n\n\n<li><br>Il convoque le Congr\u00e8s, la Convention, et le Comit\u00e9 Central ;<\/li>\n\n\n\n<li><br>Il ex\u00e9cute et fait ex\u00e9cuter les d\u00e9cisions et les r\u00e9solutions du Congr\u00e8s, de la Convention et du Comit\u00e9 Central ;<\/li>\n\n\n\n<li><br>Il coordonne les activit\u00e9s d\u00e9finies par le Congr\u00e8s, la Convention et le Comit\u00e9 Central ;<\/li>\n\n\n\n<li><br>Il prend toutes les mesures que peuvent exiger les circonstances conform\u00e9ment aux textes fondamentaux du Parti ;<\/li>\n\n\n\n<li><br>Il est charg\u00e9 de la propagande, de l\u2019information et de l\u2019\u00e9ducation politique ;<\/li>\n\n\n\n<li><br>Il veille \u00e0 l\u2019emploi des moyens du Parti, assure son d\u00e9veloppement notamment dans les secteurs de faible implantation ;<\/li>\n\n\n\n<li><br>Il suscite la naissance d\u2019organisations d\u00e9mocratiques ; Il peut cr\u00e9er des Structures d\u2019Activit\u00e9s ;<\/li>\n\n\n\n<li><br>Il peut cr\u00e9er des Structures Sp\u00e9cialis\u00e9es ;<\/li>\n\n\n\n<li><br>Il noue et d\u00e9fait les alliances apr\u00e8s approbation du Comit\u00e9 Central ; Il travaille au rayonnement du Parti \u00e0 l\u2019\u00e9tranger.<\/li>\n<\/ul>\n","protected":false},"excerpt":{"rendered":"<p>Le Secr\u00e9tariat G\u00e9n\u00e9ral comprend le Secr\u00e9tariat Ex\u00e9cutif et les Secr\u00e9taires Nationaux.Le Secr\u00e9tariat Ex\u00e9cutif se compose du Pr\u00e9sident, des Vice-pr\u00e9sidents, du Secr\u00e9taire G\u00e9n\u00e9ral et des Secr\u00e9taires G\u00e9n\u00e9raux Adjoints.Le Secr\u00e9tariat G\u00e9n\u00e9ral est l\u2019organe ex\u00e9cutif du Parti. A ce titre :<\/p>\n","protected":false},"author":1,"featured_media":0,"parent":0,"menu_order":0,"comment_status":"closed","ping_status":"closed","template":"","meta":{"_regular_price":[],"currency_symbol":[],"footnotes":""},"class_list":["post-622","page","type-page","status-publish","hentry"],"post_slider_layout_featured_media_urls":{"thumbnail":"","post_slider_layout_landscape_large":"","post_slider_layout_portrait_large":"","post_slider_layout_square_large":"","post_slider_layout_landscape":"","post_slider_layout_portrait":"","post_slider_layout_square":"","full":""},"_links":{"self":[{"href":"https:\/\/www.pnv-gn.org\/index.php?rest_route=\/wp\/v2\/pages\/622","targetHints":{"allow":["GET"]}}],"collection":[{"href":"https:\/\/www.pnv-gn.org\/index.php?rest_route=\/wp\/v2\/pages"}],"about":[{"href":"https:\/\/www.pnv-gn.org\/index.php?rest_route=\/wp\/v2\/types\/page"}],"author":[{"embeddable":true,"href":"https:\/\/www.pnv-gn.org\/index.php?rest_route=\/wp\/v2\/users\/1"}],"replies":[{"embeddable":true,"href":"https:\/\/www.pnv-gn.org\/index.php?rest_route=%2Fwp%2Fv2%2Fcomments&post=622"}],"version-history":[{"count":2,"href":"https:\/\/www.pnv-gn.org\/index.php?rest_route=\/wp\/v2\/pages\/622\/revisions"}],"predecessor-version":[{"id":814,"href":"https:\/\/www.pnv-gn.org\/index.php?rest_route=\/wp\/v2\/pages\/622\/revisions\/814"}],"wp:attachment":[{"href":"https:\/\/www.pnv-gn.org\/index.php?rest_route=%2Fwp%2Fv2%2Fmedia&parent=622"}],"curies":[{"name":"wp","href":"https:\/\/api.w.org\/{rel}","templated":true}]}}