{"id":620,"date":"2025-02-01T06:49:42","date_gmt":"2025-02-01T06:49:42","guid":{"rendered":"https:\/\/www.pnv-gn.org\/?page_id=620"},"modified":"2025-02-06T13:36:47","modified_gmt":"2025-02-06T13:36:47","slug":"my-account","status":"publish","type":"page","link":"https:\/\/www.pnv-gn.org\/?page_id=620","title":{"rendered":"Biographie du Pr\u00e9sident"},"content":{"rendered":"\n<p>Dounamou Tokpa, Pr\u00e9sident du Parti Nouvelle Vision<\/p>\n\n\n\n<p><strong>N\u00e9 d\u2019un p\u00e8re enseignant et d\u2019une vaillante m\u00e8re m\u00e9nag\u00e8re \u00e0 Koumandou, dans la pr\u00e9fecture de Beyla, Dounamou Tokpa est le Pr\u00e9sident du Parti Nouvelle Vision (PNV). Comme bon nombre d\u2019enfants de sa g\u00e9n\u00e9ration, ce leader-n\u00e9 va passer avec brio sa formation acad\u00e9mique et d\u00e9crocher de prestigieux postes dans la vie active avant d\u2019atterrir dans la politique en vu de porter plus haut, la voix des sans voix. Contrairement \u00e0 la plupart des leaders politiques guin\u00e9ens, Dounamou Tokpa<\/strong>&nbsp;&nbsp;<strong>incarne tous les traits de la personnalit\u00e9&nbsp; politique caricatur\u00e9e par \u2018\u2019la majorit\u00e9 silencieuse\u2019\u2019 du pays. Immersion sur le parcours non-exhaustif de cet homme de valeurs.<\/strong><\/p>\n\n\n<div class=\"wp-block-image\">\n<figure class=\"aligncenter size-full is-resized\"><img loading=\"lazy\" decoding=\"async\" width=\"636\" height=\"700\" src=\"https:\/\/www.pnv-gn.org\/wp-content\/uploads\/2025\/02\/Sans_titre-2.png\" alt=\"\" class=\"wp-image-806\" style=\"width:273px;height:auto\" srcset=\"https:\/\/www.pnv-gn.org\/wp-content\/uploads\/2025\/02\/Sans_titre-2.png 636w, https:\/\/www.pnv-gn.org\/wp-content\/uploads\/2025\/02\/Sans_titre-2-273x300.png 273w\" sizes=\"auto, (max-width: 636px) 100vw, 636px\" \/><\/figure>\n<\/div>\n\n\n<p><strong>SON ENFANCE&nbsp;<\/strong><\/p>\n\n\n\n<p>Dounamou Tokpa&nbsp; a fait &nbsp;sa petite enfance et ses \u00e9tudes pr\u00e9-universitaires dans la pr\u00e9fecture de Kouroussa, en Haute guin\u00e9e, o\u00f9 son p\u00e8re est affect\u00e9 en fin 1986.<\/p>\n\n\n\n<p>En 1989 il fait ses premiers pas \u00e0 l\u2019\u00e9cole primaire de sanguiana, o\u00f9 son intelligence et son courage sont tr\u00e8s t\u00f4t remarqu\u00e9s par ses encadreurs, qui attireront l\u2019attention de son p\u00e8re sur la n\u00e9cessit\u00e9 de porter un regard pr\u00e9cieux sur le jeune gar\u00e7on.<\/p>\n\n\n\n<p>En 1992, son p\u00e8re, soucieux de faire assimiler la culture qui est la sienne \u00e0 ses enfants, envoie sa famille au village pour une dur\u00e9e de deux ans. Le jeune Dounamou Tokpa, alors en classe de quatri\u00e8me ann\u00e9e sera amen\u00e9 \u00e0 fr\u00e9quenter l\u2019\u00e9cole primaire de Gama b\u00e8rema o\u00f9 il laissera son nom au tableau d\u2019honneur. Il est \u00e0 cheval entre Gama b\u00e8rema o\u00f9 il est inscrit \u00e0 l\u2019\u00e9cole primaire, et Soota, son village natal o\u00f9 il doit passer ses week-ends, ses cong\u00e9s et ses vacances.<\/p>\n\n\n\n<p>Les s\u00e9jours dans son village natal ne resteront pas sans effet sur le jeune homme. Il parle mieux sa langue maternelle, le konon, pratique les travaux champ\u00eatres pendant les vacances &nbsp;et surtout, il est initi\u00e9 \u00e0 la for\u00eat sacr\u00e9 en 1994. Il rejoint de nouveau son p\u00e8re \u00e0 koumana, dans la pr\u00e9fecture de Kouroussa en 1995, ann\u00e9e \u00e0 laquelle il passe avec succ\u00e8s le CEP.<\/p>\n\n\n\n<p>Il fait son cycle secondaire au lyc\u00e9e Samory Tour\u00e9 de Kankan, au college Djibril Tamsir Niane de&nbsp;Baro puis au Lyc\u00e9e Coll\u00e8ge Amilar Cabral de Kouroussa.<\/p>\n\n\n\n<p>Il rentre en 2004 \u00e0 conakry pour ses \u00e9tudes sup\u00e9rieures au d\u00e9partement Math-Informatique-Economie de la facult\u00e9 des sciences de l\u2019universit\u00e9 Gamal Abdel Nasser de Conakry. Deux ans apr\u00e8s, il r\u00e9ussit&nbsp; le concours d\u2019entr\u00e9e au Centre Informatique de la m\u00eame universit\u00e9, d\u2019o\u00f9 il sort en 2008, Maitre \u00e8s sciences en informatique avec la mention Excellent. De par son gout prononc\u00e9 pour la formation, il passe plusieurs certifications dont le Microsoft Certified Solution Expert,&nbsp;Huawai PS CORE NETWORK PRODUCT,&nbsp;Technologie UMTS\/HSPA, Teleradiology PACS&nbsp;Systems etc&#8230;<\/p>\n\n\n\n<p><\/p>\n\n\n\n<p><strong>SA VIE PROFESSIONNELLE&nbsp;<\/strong><\/p>\n\n\n<div class=\"wp-block-image\">\n<figure class=\"aligncenter size-large is-resized\"><img loading=\"lazy\" decoding=\"async\" width=\"1024\" height=\"680\" src=\"https:\/\/www.pnv-gn.org\/wp-content\/uploads\/2025\/02\/TD-1024x680.jpg\" alt=\"\" class=\"wp-image-807\" style=\"width:439px;height:auto\" srcset=\"https:\/\/www.pnv-gn.org\/wp-content\/uploads\/2025\/02\/TD-1024x680.jpg 1024w, https:\/\/www.pnv-gn.org\/wp-content\/uploads\/2025\/02\/TD-300x199.jpg 300w, https:\/\/www.pnv-gn.org\/wp-content\/uploads\/2025\/02\/TD-768x510.jpg 768w, https:\/\/www.pnv-gn.org\/wp-content\/uploads\/2025\/02\/TD.jpg 1386w\" sizes=\"auto, (max-width: 1024px) 100vw, 1024px\" \/><\/figure>\n<\/div>\n\n\n<p>La vie professionnelle sourit tr\u00e8s t\u00f4t au jeune DOUNAMOU Tokpa. D\u00e9j\u00e0 apr\u00e8s le premier cycle Universitaire, la carri\u00e8re exemplaire de Dounamou s\u2019ouvre au Groupe Alynet Service (GAS) o\u00f9 il est Responsable du d\u00e9veloppement d\u2019application et de la Formation, Adjoint du DG. Apr\u00e8s deux premi\u00e8res ann\u00e9es de carri\u00e8re r\u00e9ussie,&nbsp; le jeune cadre polyglotte, parlant couramment fran\u00e7ais et anglais atterrit \u00e0 Cellcom, une soci\u00e9t\u00e9 de droit am\u00e9ricain, en juillet 2008. Dans cette soci\u00e9t\u00e9 de t\u00e9l\u00e9phonie,&nbsp; il est ing\u00e9nieur radio et transmission, puis directeur&nbsp;en second du service Informatique. Il assume le poste avec brio et re\u00e7ois m\u00eame en 2011, le prix du meilleur employ\u00e9 du d\u00e9partement Informatique de la compagnie de t\u00e9l\u00e9phonie am\u00e9ricaine. B\u00e9n\u00e9ficiant de la confiance de ses coll\u00e8gues, et surtout vu le leadership qui caract\u00e9rise le jeune homme, il sera pl\u00e9biscit\u00e9 \u00e0 la t\u00eate de la formation syndicale de la soci\u00e9t\u00e9 en 2013. V\u00e9ritable casse-t\u00eate pour l\u2019administration, DOUNAMOU engage plusieurs reformes, s\u2019investie absolument dans la d\u00e9fense des int\u00e9r\u00eats des employ\u00e9s. Bref, il se dresse une feuille de route qu\u2019il suit avec d\u00e9termination. C\u2019est de Cellcom qu\u2019il arrive \u00e0 l\u2019Organisation Internationale pour les Migrations(OIM), apr\u00e8s des cours de certification \u00e0 Dakar.<\/p>\n\n\n\n<p>A l\u2019OIM,&nbsp;Il est responsable du service de l\u2019information et des nouvelles technologies. Deux ans apr\u00e8s, il est \u00e9lu pr\u00e9sident de l\u2019association du personnel de cette institution, puis vice-pr\u00e9sident de l\u2019Association du personnel des nations unies en Guin\u00e9e.<\/p>\n\n\n\n<p>Le s\u00e9jour \u00e0 l\u2019OIM permettra \u00e0 Dounamou d\u2019acqu\u00e9rir une exp\u00e9rience professionnelle dense. Son regard d\u2019expert sera vite sollicit\u00e9 par cette institution lors des grandes rencontres auxquelles il prendra part dans les cinq continents du monde, pour des missions d\u2019appui en tant qu\u2019expert ou pour des formations. Ce qui lui vaut un carnet d\u2019adresse bien rempli.<\/p>\n\n\n\n<p>Assumant son r\u00f4le de Senior pour l&rsquo;Afrique de l&rsquo;ouest et du centre, il engage des innovations importantes \u00e0 travers la mise en place d&rsquo;infrastructures solides, ou encore par le recrutement et la qualification des personnels IT notemment au tchad, au mali, en cote d&rsquo;ivoire, au liberia pour ne citer que ceux-ci. Appel\u00e9 par le devoir, il demissionne en 2020&nbsp; pour prendre la t\u00eate du Parti Nouvelle Vision et la direction de la socit\u00e9 Espace Informatique et Multim\u00e9dia (EIM), une multinationale \u00e9voluant dans l&rsquo;informatique dans la sous-r\u00e9gion ouest-africaine.<\/p>\n\n\n\n<p><strong>&nbsp;UN JEUNE MODEL&nbsp;<\/strong><\/p>\n\n\n\n<p>Outre ses comp\u00e9tences professionnelles, M. Dounamou Tokpa a \u00e0 son actif un impressionnant \u00e9ventail d\u2019actions men\u00e9es pour la bonne cause. L\u2019exemple typique d\u2019un homme de caract\u00e8re, d\u2019un visionnaire. Bref, il dispose de plusieurs fl\u00e8ches \u00e0 son carquois.<\/p>\n\n\n\n<p>En 2009, il cr\u00e9e le site dounamou.com, le premier \u00e0 offrir une plateforme de consultation des r\u00e9sultats d\u2019examens nationaux. Au courant de la m\u00eame ann\u00e9e, il met en place une structure informatique et fonce dans les minist\u00e8res avec des propositions techniques visant \u00e0 moderniser l\u2019administration guin\u00e9enne. Ainsi en 2010,&nbsp;il prend part&nbsp;\u00e0 l\u2019informatisation compl\u00e8te du minist\u00e8re des p\u00eaches, \u00e0 travers le c\u00e2blage du d\u00e9partement, de l\u2019installation d\u2019un serveur de domaine, d\u2019un serveur de voix avec r\u00e9ceptionniste \u00e9lectronique et d\u2019un d\u00e9ploiement de liaison satellite. La conception des premiers sites des minist\u00e8res de la s\u00e9curit\u00e9, de la p\u00eache et de l\u2019enseignement sup\u00e9rieur sera le fruit de sa fertilit\u00e9 d\u2019esprit.<\/p>\n\n\n\n<p><\/p>\n\n\n\n<p><strong>HOMME DE CULTURE\u00a0<\/strong><\/p>\n\n\n<div class=\"wp-block-image\">\n<figure class=\"aligncenter size-large is-resized\"><img loading=\"lazy\" decoding=\"async\" width=\"1024\" height=\"680\" src=\"https:\/\/www.pnv-gn.org\/wp-content\/uploads\/2025\/02\/FFF-1024x680.jpg\" alt=\"\" class=\"wp-image-808\" style=\"width:438px;height:auto\" srcset=\"https:\/\/www.pnv-gn.org\/wp-content\/uploads\/2025\/02\/FFF-1024x680.jpg 1024w, https:\/\/www.pnv-gn.org\/wp-content\/uploads\/2025\/02\/FFF-300x199.jpg 300w, https:\/\/www.pnv-gn.org\/wp-content\/uploads\/2025\/02\/FFF-768x510.jpg 768w, https:\/\/www.pnv-gn.org\/wp-content\/uploads\/2025\/02\/FFF.jpg 1386w\" sizes=\"auto, (max-width: 1024px) 100vw, 1024px\" \/><\/figure>\n<\/div>\n\n\n<p><\/p>\n\n\n\n<p>Portant un regard critique sur la culture foresti\u00e8re dont les porte-voix avaient pour la plupart adopt\u00e9 le coup\u00e9 d\u00e9cal\u00e9, d\u2019origine ivoirienne, au d\u00e9triment des genres musicaux guin\u00e9ens, Dounamou d\u00e9cide de rassembler en 2012, les artistes de toutes les pr\u00e9fectures de la r\u00e9gion. Ceci, en vue de redonner chair \u00e0 la musique guin\u00e9enne en g\u00e9n\u00e9ral et celle foresti\u00e8re en particulier. Il va alors mettre en place le studio d\u2019enregistrement Sabina record et impose le rythme forestier. Sans s\u2019arr\u00eater \u00e0 cette seule action, Dounamou finance un premier album avec pour titre \u00ab&nbsp;retour aux sources&nbsp;\u00bb, qui r\u00e9unit douze artistes leaders de la Guin\u00e9e Foresti\u00e8re.<\/p>\n\n\n\n<p>Il s\u2019inscrit d\u00e8s lors dans les esprits de maints jeunes guin\u00e9ens, comme un espoir dans le milieu culturel de la for\u00eat. Ce qui va lui valoir d\u2019\u00eatre fr\u00e9quemment sollicit\u00e9 pour parrainer les grands \u00e9v\u00e8nements.<\/p>\n\n\n\n<p>Le 13 mai 2017, il re\u00e7oit dans un r\u00e9ceptif h\u00f4telier de Conakry, le satisfecit de meilleur cadre de la r\u00e9gion foresti\u00e8re en 2017 dans la cat\u00e9gorie des Administrateurs priv\u00e9s. Ce prix lui est d\u00e9cern\u00e9 par le Collectif des Promoteurs et manager de la For\u00eat qui, au bout d\u2019une enqu\u00eate, a d\u00e9cid\u00e9 de reconna\u00eetre la performance des meilleurs cadres de la r\u00e9gion foresti\u00e8re en vue de promouvoir l\u2019excellence dans la r\u00e9gion.<\/p>\n\n\n\n<p><\/p>\n\n\n\n<p><strong>FOJECAF<\/strong><\/p>\n\n\n\n<p>Sur le plan social, Tokpa Dounamou, ancien pr\u00e9sident du Club litt\u00e9raire Djibril Tamsir Niane, ancien pr\u00e9sident de la jeunesse de l\u2019EPE de kouroussa et ancien membre du bureau ex\u00e9cutif National des Groupe Bibliques d\u2019El\u00e8ves et Etudiants de Guin\u00e9e (GBEEG), est pr\u00e9occup\u00e9 par la situation guin\u00e9enne caract\u00e9ris\u00e9e par les d\u00e9fis socio\u00e9conomiques \u00e0 r\u00e9soudre. Meneur d\u2019hommes, et ayant une exp\u00e9rience de la vie associative,&nbsp; il pense alors \u00e0 mettre en place le FOJECAF ( Forum des Jeunes Cadres de la For\u00eat) pour r\u00e9unir les forces des jeunes cadres de sa r\u00e9gion \u2014 La Guin\u00e9e Foresti\u00e8re. Une r\u00e9gion en proie aux tensions interethniques et aux probl\u00e8mes de d\u00e9veloppement.&nbsp; Le 28 mai 2011, le FOJECAF voit effectivement jour avec pour objectif de promouvoir la paix et le d\u00e9veloppement socio\u00e9conomique de la r\u00e9gion. Et de cette mani\u00e8re, participer au d\u00e9veloppement de la Guin\u00e9e. Aussit\u00f4t cr\u00e9\u00e9, le Forum attire les jeunes cadres de toutes les ethnies de la r\u00e9gion. Qu\u2019ils soient au pays ou sein de la diaspora, ils adh\u00e8rent aux id\u00e9aux de l\u2019organisation qui a tout de suite gagn\u00e9 la confiance des autorit\u00e9s administratives et coutumi\u00e8res de la For\u00eat. Il couvre d\u00e9j\u00e0 en 2015 la totalit\u00e9 de la r\u00e9gion foresti\u00e8re o\u00f9 des coordinations&nbsp; pr\u00e9fectorales sont install\u00e9es, ainsi que plusieurs pr\u00e9fectures de la basse et de la haute Guin\u00e9e. Un si\u00e8ge National est ouvert \u00e0 Lambadji sous le leadership du dynamique pr\u00e9sident.<\/p>\n\n\n\n<p>&nbsp;Si le FOJECAF est aussit\u00f4t devenu populaire, c\u2019est parce qu\u2019il s\u2019est aussit\u00f4t mis \u00e0 la t\u00e2che. En effet, depuis sa cr\u00e9ation, le Forum contribue \u00e0 la promotion de la paix \u00e0 travers des campagnes de sensibilisation, des conf\u00e9rences, des d\u00e9clarations et des actes sociaux pour le d\u00e9veloppement de la paix et de l\u2019unit\u00e9 nationale. Apr\u00e8s les affrontements interethniques de 2013 \u00e0 N\u2019Z\u00e9r\u00e9kor\u00e9 et Beyla, le FOJECAF organise le tournoi de la fraternit\u00e9 qui opposes les \u00e9quipes des diff\u00e9rentes pr\u00e9fectures de la for\u00eat et r\u00e9uni les ressortissants de cette r\u00e9gion pendant deux mois. Le message de la paix est prononc\u00e9 \u00e0 l\u2019entame de chaque match. Le FOJECF entreprend &nbsp;en 2015 la formation des ambassadeurs de la paix dans les pr\u00e9fectures de la r\u00e9gion foresti\u00e8re. Il forme 1721 personnes en techniques de pr\u00e9vention et de gestion des conflits. L\u2019objectif est d\u2019\u00e9viter \u00e0 la r\u00e9gion de nouvelles violences communautaires. Les volontaires form\u00e9s sont des citoyens \u00e0 la base, et sont issus de tous les groupes ethniques vivant dans&nbsp; la r\u00e9gion.<\/p>\n\n\n\n<p>Pour FOJECAF, la paix passe aussi par l\u2019autonomisation des femmes et des jeunes. Ainsi, le forum a d\u00e9velopp\u00e9 depuis 2015 le projet de fabrique de savons (le savon FOJECAF) qui permet \u00e0 des centaines de personnes de la r\u00e9gion de gagner leur pain.<\/p>\n\n\n<div class=\"wp-block-image\">\n<figure class=\"aligncenter size-large is-resized\"><img loading=\"lazy\" decoding=\"async\" width=\"1024\" height=\"683\" src=\"https:\/\/www.pnv-gn.org\/wp-content\/uploads\/2025\/02\/JJJ-1024x683.jpg\" alt=\"\" class=\"wp-image-810\" style=\"width:500px;height:auto\" srcset=\"https:\/\/www.pnv-gn.org\/wp-content\/uploads\/2025\/02\/JJJ-1024x683.jpg 1024w, https:\/\/www.pnv-gn.org\/wp-content\/uploads\/2025\/02\/JJJ-300x200.jpg 300w, https:\/\/www.pnv-gn.org\/wp-content\/uploads\/2025\/02\/JJJ-768x512.jpg 768w, https:\/\/www.pnv-gn.org\/wp-content\/uploads\/2025\/02\/JJJ-1200x800.jpg 1200w, https:\/\/www.pnv-gn.org\/wp-content\/uploads\/2025\/02\/JJJ-600x400.jpg 600w, https:\/\/www.pnv-gn.org\/wp-content\/uploads\/2025\/02\/JJJ.jpg 1387w\" sizes=\"auto, (max-width: 1024px) 100vw, 1024px\" \/><\/figure>\n<\/div>\n\n\n<p><strong>VIE POLITIQUE<\/strong><\/p>\n\n\n\n<p>Lors d\u2019une interview accord\u00e9e en 2012 au site Village Cherif, Dounamou Tokpa disais ceci :<\/p>\n\n\n\n<p>\u00ab&nbsp;\u2026, vous savez sur le terrain politique, il y a les&nbsp; politiciens et ceux qui viennent \u00e0 la politique.&nbsp; Pour les premiers c\u2019est un m\u00e9tier, une passion ou un moyen de satisfaire une ambition souvent personnelle.&nbsp; Les seconds par contre sont oblig\u00e9s de faire la politique si c\u2019est le seul moyen&nbsp; de venir \u00e0 bout d\u2019une lutte, de se faire entendre et de faire entendre les sans voix. Si je devrais donc faire de la politique, je viendrais \u00e0 la politique..&nbsp;\u00bb. D\u00e8s lors pour les observateurs avertis, son arriv\u00e9 sur le terrain politique n\u2019\u00e9tait plus qu\u2019une question de temps, vu le manque de justice et les d\u00e9fis socio\u00e9conomique qui frappent son pays. Ainsi, depuis le 2 mars 2019, \u00e0 la faveur d\u2019un congr\u00e8s \u00e0 l\u2019h\u00f4tel mariador, Dounamou Tokpa, est port\u00e9 \u00e0 la t\u00eate du Parti Nouvelle Vision (PNV). Son ambition, faire de ce parti la premi\u00e8re force politique du pays.<\/p>\n\n\n\n<p>Pendant les \u00e9lections l\u00e9gislatives du 22 mars 2020, il est pr\u00e9sent\u00e9 comme cadidat du parti \u00e0 l&rsquo;uninominal dans la pr\u00e9fecture de Lola, sa pr\u00e9fecture d&rsquo;origine. Des \u00e9lections qui seront caract\u00e9ris\u00e9es par des irr\u00e9gularit\u00e9s et une d\u00e9nonciation par la communaut\u00e9 internationale.&nbsp;<\/p>\n\n\n\n<p>Apr\u00e8s le coup de force du 5 septembre 2021, il s&rsquo;active aup\u00e8s des nouvelles autorit\u00e9s, leur adresse&nbsp; plusieurs m\u00e9morendum en vue de la reussite de la transition. Il est m\u00eame cit\u00e9 par plusieurs m\u00e9dias parmi les futurs ministres. Membre du Collectif pour une transition d\u00e9mocratique (CTD), il est nomm\u00e9 en f\u00e9vrier 2023, membre du Comit\u00e9 National Permanent de Suivi des r\u00e9solutions issues du cadre de dialogue inclusif inter-guin\u00e9en.<\/p>\n\n\n\n<p><\/p>\n","protected":false},"excerpt":{"rendered":"<p>Dounamou Tokpa, Pr\u00e9sident du Parti Nouvelle Vision N\u00e9 d\u2019un p\u00e8re enseignant et d\u2019une vaillante m\u00e8re m\u00e9nag\u00e8re \u00e0 Koumandou, dans la pr\u00e9fecture de Beyla, Dounamou Tokpa est le Pr\u00e9sident du Parti Nouvelle Vision (PNV). Comme bon nombre d\u2019enfants de sa g\u00e9n\u00e9ration, ce leader-n\u00e9 va passer avec brio sa formation acad\u00e9mique et d\u00e9crocher de prestigieux postes dans&#8230;<\/p>\n<p class=\"more-link-wrap\"><a href=\"https:\/\/www.pnv-gn.org\/?page_id=620\" class=\"more-link\">Lire la suite<span class=\"screen-reader-text\"> &ldquo;Biographie du Pr\u00e9sident&rdquo;<\/span> &raquo;<\/a><\/p>\n","protected":false},"author":1,"featured_media":0,"parent":0,"menu_order":0,"comment_status":"closed","ping_status":"closed","template":"","meta":{"_regular_price":[],"currency_symbol":[],"footnotes":""},"class_list":["post-620","page","type-page","status-publish","hentry"],"post_slider_layout_featured_media_urls":{"thumbnail":"","post_slider_layout_landscape_large":"","post_slider_layout_portrait_large":"","post_slider_layout_square_large":"","post_slider_layout_landscape":"","post_slider_layout_portrait":"","post_slider_layout_square":"","full":""},"_links":{"self":[{"href":"https:\/\/www.pnv-gn.org\/index.php?rest_route=\/wp\/v2\/pages\/620","targetHints":{"allow":["GET"]}}],"collection":[{"href":"https:\/\/www.pnv-gn.org\/index.php?rest_route=\/wp\/v2\/pages"}],"about":[{"href":"https:\/\/www.pnv-gn.org\/index.php?rest_route=\/wp\/v2\/types\/page"}],"author":[{"embeddable":true,"href":"https:\/\/www.pnv-gn.org\/index.php?rest_route=\/wp\/v2\/users\/1"}],"replies":[{"embeddable":true,"href":"https:\/\/www.pnv-gn.org\/index.php?rest_route=%2Fwp%2Fv2%2Fcomments&post=620"}],"version-history":[{"count":2,"href":"https:\/\/www.pnv-gn.org\/index.php?rest_route=\/wp\/v2\/pages\/620\/revisions"}],"predecessor-version":[{"id":811,"href":"https:\/\/www.pnv-gn.org\/index.php?rest_route=\/wp\/v2\/pages\/620\/revisions\/811"}],"wp:attachment":[{"href":"https:\/\/www.pnv-gn.org\/index.php?rest_route=%2Fwp%2Fv2%2Fmedia&parent=620"}],"curies":[{"name":"wp","href":"https:\/\/api.w.org\/{rel}","templated":true}]}}