{"id":618,"date":"2025-02-01T06:49:41","date_gmt":"2025-02-01T06:49:41","guid":{"rendered":"https:\/\/www.pnv-gn.org\/?page_id=618"},"modified":"2025-02-06T13:26:34","modified_gmt":"2025-02-06T13:26:34","slug":"checkout","status":"publish","type":"page","link":"https:\/\/www.pnv-gn.org\/?page_id=618","title":{"rendered":"Le Congr\u00e8s"},"content":{"rendered":"\n<p>Le Congr\u00e8s est l\u2019instance supr\u00eame du Parti.<br>Il se r\u00e9unit tous les cinq (5) ans en Session Ordinaire sur convocation du Secr\u00e9tariat G\u00e9n\u00e9ral qui propose son ordre du jour et proc\u00e8de \u00e0 son organisation mat\u00e9rielle.<\/p>\n\n\n\n<p>Le Congr\u00e8s doit \u00eatre convoqu\u00e9 trois (3) mois \u00e0 l\u2019avance. Les documents de travail sont transmis aux F\u00e9d\u00e9rations deux (2) mois avant la tenue du Congr\u00e8s.<\/p>\n\n\n\n<p>Le Congr\u00e8s ne peut se tenir que s\u2019il r\u00e9unit plus de la moiti\u00e9 de ses membres. Il est pr\u00e9sid\u00e9 par un Bureau de S\u00e9ance choisi par le Comit\u00e9 Central.<\/p>\n\n\n\n<p>Le Congr\u00e8s est compos\u00e9:<br>\u2022 Du Comit\u00e9 Central ;<br>\u2022 Du Secr\u00e9tariat G\u00e9n\u00e9ral ;<br>\u2022 Du Comit\u00e9 de Contr\u00f4le ;<br>\u2022 Des Secr\u00e9taires G\u00e9n\u00e9raux de F\u00e9d\u00e9ration ;<br>\u2022 Des Coordinateurs Pr\u00e9fectoraux et sous-pr\u00e9fectoraux;<br>\u2022 Des Repr\u00e9sentants du PNV \u00e0 l\u2019\u00e9tranger ;<br>\u2022 Des d\u00e9l\u00e9gu\u00e9s des Coordinations ;<br>\u2022 Des d\u00e9l\u00e9gu\u00e9s des Coordinations PNV \u00e0 l\u2019\u00e9tranger.<br>\u2022 D\u2019une d\u00e9l\u00e9gation de chaque Structure d\u2019Activit\u00e9 \u00e0 titre d\u2019observateur. Le nombre de d\u00e9l\u00e9gu\u00e9s est fix\u00e9 par le Secr\u00e9tariat G\u00e9n\u00e9ral.<\/p>\n\n\n\n<p>Le Congr\u00e8s est comp\u00e9tent pour :<br>D\u00e9finir la ligne politique du Parti apr\u00e8s examen des rapports du Comit\u00e9 Central et du Comit\u00e9 de Contr\u00f4le ;<br>D\u00e9finir les orientations du Parti en tenant compte des objectifs strat\u00e9giques et tactiques du Parti ;<\/p>\n\n\n\n<p>Approuver et modifier le Programme de Gouvernement, les Statuts et les Textes Fondamentaux du Parti ;<br>\u00c9lire le Pr\u00e9sident du Parti et le Pr\u00e9sident du Comit\u00e9 de Contr\u00f4le ; Investir les membres du Secr\u00e9tariat G\u00e9n\u00e9ral ;<br>Statuer sur toute mesure disciplinaire :<br>Statuer sur tout diff\u00e9rend relatif \u00e0 l\u2019interpr\u00e9tation ou l\u2019application des textes ; Amender ou r\u00e9viser les Statuts et le R\u00e8glement Int\u00e9rieur ;<br>Dissoudre le Parti.<\/p>\n\n\n\n<p>Le Congr\u00e8s peut se tenir en Session Extraordinaire \u00e0 l\u2019initiative, soit du Secr\u00e9tariat G\u00e9n\u00e9ral, soit du Comit\u00e9 Central, soit des deux tiers (2\/3) des Secr\u00e9taires G\u00e9n\u00e9raux de Sections.<br>Le Comit\u00e9 Central peut, \u00e0 la demande du Comit\u00e9 de Contr\u00f4le, convoquer un (1) Congr\u00e8s Extraordinaire.<\/p>\n","protected":false},"excerpt":{"rendered":"<p>Le Congr\u00e8s est l\u2019instance supr\u00eame du Parti.Il se r\u00e9unit tous les cinq (5) ans en Session Ordinaire sur convocation du Secr\u00e9tariat G\u00e9n\u00e9ral qui propose son ordre du jour et proc\u00e8de \u00e0 son organisation mat\u00e9rielle. Le Congr\u00e8s doit \u00eatre convoqu\u00e9 trois (3) mois \u00e0 l\u2019avance. Les documents de travail sont transmis aux F\u00e9d\u00e9rations deux (2) mois&#8230;<\/p>\n<p class=\"more-link-wrap\"><a href=\"https:\/\/www.pnv-gn.org\/?page_id=618\" class=\"more-link\">Lire la suite<span class=\"screen-reader-text\"> &ldquo;Le Congr\u00e8s&rdquo;<\/span> &raquo;<\/a><\/p>\n","protected":false},"author":1,"featured_media":0,"parent":0,"menu_order":0,"comment_status":"closed","ping_status":"closed","template":"","meta":{"_regular_price":[],"currency_symbol":[],"footnotes":""},"class_list":["post-618","page","type-page","status-publish","hentry"],"post_slider_layout_featured_media_urls":{"thumbnail":"","post_slider_layout_landscape_large":"","post_slider_layout_portrait_large":"","post_slider_layout_square_large":"","post_slider_layout_landscape":"","post_slider_layout_portrait":"","post_slider_layout_square":"","full":""},"_links":{"self":[{"href":"https:\/\/www.pnv-gn.org\/index.php?rest_route=\/wp\/v2\/pages\/618","targetHints":{"allow":["GET"]}}],"collection":[{"href":"https:\/\/www.pnv-gn.org\/index.php?rest_route=\/wp\/v2\/pages"}],"about":[{"href":"https:\/\/www.pnv-gn.org\/index.php?rest_route=\/wp\/v2\/types\/page"}],"author":[{"embeddable":true,"href":"https:\/\/www.pnv-gn.org\/index.php?rest_route=\/wp\/v2\/users\/1"}],"replies":[{"embeddable":true,"href":"https:\/\/www.pnv-gn.org\/index.php?rest_route=%2Fwp%2Fv2%2Fcomments&post=618"}],"version-history":[{"count":3,"href":"https:\/\/www.pnv-gn.org\/index.php?rest_route=\/wp\/v2\/pages\/618\/revisions"}],"predecessor-version":[{"id":805,"href":"https:\/\/www.pnv-gn.org\/index.php?rest_route=\/wp\/v2\/pages\/618\/revisions\/805"}],"wp:attachment":[{"href":"https:\/\/www.pnv-gn.org\/index.php?rest_route=%2Fwp%2Fv2%2Fmedia&parent=618"}],"curies":[{"name":"wp","href":"https:\/\/api.w.org\/{rel}","templated":true}]}}