{"id":30,"date":"2023-07-04T22:26:31","date_gmt":"2023-07-04T22:26:31","guid":{"rendered":"http:\/\/nouveauge-ci.net\/?page_id=30"},"modified":"2025-02-06T13:51:43","modified_gmt":"2025-02-06T13:51:43","slug":"culture","status":"publish","type":"page","link":"https:\/\/www.pnv-gn.org\/?page_id=30","title":{"rendered":"Le Comit\u00e9 de Contr\u00f4le"},"content":{"rendered":"\n<p>Le Comit\u00e9 de Contr\u00f4le est l\u2019organe de contr\u00f4le du Parti.<\/p>\n\n\n\n<p>Il est compos\u00e9 de trente et un (31) membres dont un (1) Pr\u00e9sident, trois (3) Vice-pr\u00e9sidents et quatre Rapporteurs nomm\u00e9s par le pr\u00e9sident.<\/p>\n\n\n\n<p>Tous les membres sont \u00e9lus par le coll\u00e8ge des assembl\u00e9es f\u00e9d\u00e9rales, au scrutin de liste bloqu\u00e9. Le premier sur la liste est le Pr\u00e9sident du Comit\u00e9 de Contr\u00f4le. Les cinq (5) membres suivants sont dans l\u2019ordre, le Vice-Pr\u00e9sident et les Rapporteurs.<\/p>\n\n\n\n<p>En cas de vacance d\u2019un poste, le remplacement est fait dans l\u2019ordre, conform\u00e9ment \u00e0 la liste vot\u00e9e.<\/p>\n\n\n\n<p>Le Comit\u00e9 de Contr\u00f4le v\u00e9rifie la conformit\u00e9 des actes des organes du Parti avec les textes fondamentaux.<\/p>\n\n\n\n<p>Il est \u00e9galement charg\u00e9 du contr\u00f4le a posteriori de la gestion financi\u00e8re du Parti. Dans ce domaine, il ne prend pas de d\u00e9cision.<\/p>\n\n\n\n<p>Le Comit\u00e9 de Contr\u00f4le peut, pour l\u2019accomplissement de ses missions, s\u2019adjoindre des auditeurs choisis en fonction des comp\u00e9tences parmi les membres du Parti.<\/p>\n\n\n\n<p>Le Comit\u00e9 de Contr\u00f4le pr\u00e9sente son rapport de contr\u00f4le \u00e0 la Convention et au Congr\u00e8s Ordinaire.<\/p>\n\n\n\n<p>Le Comit\u00e9 de Contr\u00f4le peut, en cas de divergences profondes dans l\u2019interpr\u00e9tation des textes fondamentaux de nature \u00e0 entraver le fonctionnement du Parti, demander la tenue d\u2019une Session Extraordinaire du Comit\u00e9 Central pour avis.<\/p>\n\n\n\n<p>En cas de persistance du diff\u00e9rend, le Comit\u00e9 de Contr\u00f4le peut demander au Comit\u00e9 Central, la convocation d\u2019une (1) Convention Extraordinaire ou d\u2019un (1) Congres Extraordinaire.<\/p>\n\n\n\n<p>Le Comit\u00e9 de Contr\u00f4le est entendu par le Secr\u00e9tariat G\u00e9n\u00e9ral ou le Comit\u00e9 Central \u00e0 la demande de ceux-ci ou chaque fois qu\u2019il le souhaite.<\/p>\n","protected":false},"excerpt":{"rendered":"<p>Le Comit\u00e9 de Contr\u00f4le est l\u2019organe de contr\u00f4le du Parti. Il est compos\u00e9 de trente et un (31) membres dont un (1) Pr\u00e9sident, trois (3) Vice-pr\u00e9sidents et quatre Rapporteurs nomm\u00e9s par le pr\u00e9sident. Tous les membres sont \u00e9lus par le coll\u00e8ge des assembl\u00e9es f\u00e9d\u00e9rales, au scrutin de liste bloqu\u00e9. Le premier sur la liste est&#8230;<\/p>\n<p class=\"more-link-wrap\"><a href=\"https:\/\/www.pnv-gn.org\/?page_id=30\" class=\"more-link\">Lire la suite<span class=\"screen-reader-text\"> &ldquo;Le Comit\u00e9 de Contr\u00f4le&rdquo;<\/span> &raquo;<\/a><\/p>\n","protected":false},"author":1,"featured_media":0,"parent":0,"menu_order":0,"comment_status":"closed","ping_status":"closed","template":"","meta":{"_regular_price":[],"currency_symbol":[],"footnotes":""},"class_list":["post-30","page","type-page","status-publish","hentry"],"post_slider_layout_featured_media_urls":{"thumbnail":"","post_slider_layout_landscape_large":"","post_slider_layout_portrait_large":"","post_slider_layout_square_large":"","post_slider_layout_landscape":"","post_slider_layout_portrait":"","post_slider_layout_square":"","full":""},"_links":{"self":[{"href":"https:\/\/www.pnv-gn.org\/index.php?rest_route=\/wp\/v2\/pages\/30","targetHints":{"allow":["GET"]}}],"collection":[{"href":"https:\/\/www.pnv-gn.org\/index.php?rest_route=\/wp\/v2\/pages"}],"about":[{"href":"https:\/\/www.pnv-gn.org\/index.php?rest_route=\/wp\/v2\/types\/page"}],"author":[{"embeddable":true,"href":"https:\/\/www.pnv-gn.org\/index.php?rest_route=\/wp\/v2\/users\/1"}],"replies":[{"embeddable":true,"href":"https:\/\/www.pnv-gn.org\/index.php?rest_route=%2Fwp%2Fv2%2Fcomments&post=30"}],"version-history":[{"count":3,"href":"https:\/\/www.pnv-gn.org\/index.php?rest_route=\/wp\/v2\/pages\/30\/revisions"}],"predecessor-version":[{"id":813,"href":"https:\/\/www.pnv-gn.org\/index.php?rest_route=\/wp\/v2\/pages\/30\/revisions\/813"}],"wp:attachment":[{"href":"https:\/\/www.pnv-gn.org\/index.php?rest_route=%2Fwp%2Fv2%2Fmedia&parent=30"}],"curies":[{"name":"wp","href":"https:\/\/api.w.org\/{rel}","templated":true}]}}